{"id":1581,"date":"2025-06-04T13:06:43","date_gmt":"2025-06-04T07:36:43","guid":{"rendered":"https:\/\/alivira.be.popopower.com\/exotics\/"},"modified":"2025-07-24T17:03:36","modified_gmt":"2025-07-24T11:33:36","slug":"exotics","status":"publish","type":"page","link":"https:\/\/alivira.be.popopower.com\/fr\/exotics\/","title":{"rendered":"Exotics"},"content":{"rendered":"\t\t<div data-elementor-type=\"wp-page\" data-elementor-id=\"1581\" class=\"elementor elementor-1581 elementor-1562\" data-elementor-post-type=\"page\">\n\t\t\t\t<div class=\"elementor-element elementor-element-5558572 e-flex e-con-boxed e-con e-parent\" data-id=\"5558572\" data-element_type=\"container\" data-settings=\"{&quot;background_background&quot;:&quot;classic&quot;}\">\n\t\t\t\t\t<div class=\"e-con-inner\">\n\t\t<div class=\"elementor-element elementor-element-f758c39 e-con-full e-flex e-con e-child\" data-id=\"f758c39\" data-element_type=\"container\" data-settings=\"{&quot;background_background&quot;:&quot;classic&quot;}\">\n\t\t\t\t<div class=\"elementor-element elementor-element-0fceed5 elementor-widget elementor-widget-shortcode\" data-id=\"0fceed5\" data-element_type=\"widget\" data-widget_type=\"shortcode.default\">\n\t\t\t\t\t\t\t<div class=\"elementor-shortcode\"><div id=\"user-registration\" class=\"user-registration\">\n<div class=\"ur-frontend-form login ur-frontend-form--rounded ur-frontend-form--rounded-edge \" id=\"ur-frontend-form\">\n\t<form class=\"user-registration-form user-registration-form-login login\" method=\"post\">\n\t\t<div class=\"ur-form-row\">\n\t\t\t<div class=\"ur-form-grid\">\n\t\t\t\t\t\t\t\t\t\t\t\t\t\t<p class=\"user-registration-form-row user-registration-form-row--wide form-row form-row-wide\" data-field=\"username\">\n\t\t\t\t\t\t<label for=\"username\">Nom d\u2019utilisateur ou Email <span class=\"required\">*<\/span><\/label>\t\t\t\t\t\t<span class=\"input-wrapper\">\n\t\t\t\t\t\t<input placeholder=\"\" type=\"text\" class=\"user-registration-Input user-registration-Input--text input-text\" name=\"username\" id=\"username\" value=\"\" style=\"\"\/>\n\t\t\t\t\t\t\t\t\t\t\t\t<\/span>\n\t\t\t\t\t<\/p>\n\t\t\t\t\t\t\t\t\t\t<p class=\"user-registration-form-row user-registration-form-row--wide form-row form-row-wide\">\n\t\t\t\t\t\t<label for=\"password\">Mot de passe <span class=\"required\">*<\/span><\/label>\t\t\t\t\t\t<span class=\"input-wrapper\">\n\t\t\t\t\t\t<span class=\"password-input-group\">\n\t\t\t\t\t\t<input placeholder=\"\" class=\"user-registration-Input user-registration-Input--text input-text\" type=\"password\" name=\"password\" id=\"password\" style=\"\" \/>\n\n\t\t\t\t\t\t\t\t\t\t\t\t\t\t\t\t\t\t<\/span>\n\t\t\t\t\t<\/p>\n\t\t\t\t\t\t\t\t\t\t\n\t\t\t\t\t\t\t\t\t\t<p class=\"form-row\">\n\t\t\t\t\t\t<input type=\"hidden\" id=\"user-registration-login-nonce\" name=\"user-registration-login-nonce\" value=\"9315538cdb\" \/><input type=\"hidden\" name=\"_wp_http_referer\" value=\"\/fr\/wp-json\/wp\/v2\/pages\/1581\" \/>\t\t\t\t\t\t\t<div class=\"user-registration-before-login-btn\">\n\t\t\t\t\t\t\t\t\t\t\t\t\t\t\t\t\t\t<label class=\"user-registration-form__label user-registration-form__label-for-checkbox inline\">\n\t\t\t\t\t\t\t\t\t\t\t<input class=\"user-registration-form__input user-registration-form__input-checkbox\" name=\"rememberme\" type=\"checkbox\" id=\"rememberme\" value=\"forever\" \/> <span>Remember Me<\/span>\n\t\t\t\t\t\t\t\t\t\t<\/label>\n\t\t\t\t\t\t\t\t\t\t\t\t\t\t\t\t\t\t\t\t\t\t\t\t\t\t\t<p class=\"user-registration-LostPassword lost_password\">\n\t\t\t\t\t\t\t\t\t\t\t<a href=\"https:\/\/alivira.be.popopower.com\/lost-password\/\">Oubli\u00e9 son mot de passe?<\/a>\n\t\t\t\t\t\t\t\t\t\t<\/p>\n\t\t\t\t\t\t\t\t\t\t\t\t\t\t\t\t<\/div>\n\t\t\t\t\t\t\t\t\t\t\t\t\t<\/p>\n\t\t\t\t\t<div>\n\t\t\t\t\t\t\t\t\t\t\t\t\t\t\t\t\t<button type=\"submit\" class=\"user-registration-Button button \" name=\"login\" value=\"Login\" >Login<\/button>\n\t\t\t\t\t\t\t\t\t\t\t<\/div>\n\t\t\t\t\t<input type=\"hidden\" name=\"redirect\" value=\"\" \/>\n\n\t\t\t\t\t\t\t\t\t\t\t\t\t<\/div>\n\t\t<\/div>\n\t<\/form>\n\n<\/div>\n\n<\/div><\/div>\n\t\t\t\t\t\t<\/div>\n\t\t\t\t<div class=\"elementor-element elementor-element-00cec7f elementor-widget elementor-widget-text-editor\" data-id=\"00cec7f\" data-element_type=\"widget\" data-widget_type=\"text-editor.default\">\n\t\t\t\t\t\t\t\t\tPas r\u00e9gistr\u00e9?\t\t\t\t\t\t\t\t<\/div>\n\t\t\t\t<div class=\"elementor-element elementor-element-57c242b elementor-align-center btnn elementor-widget elementor-widget-button\" data-id=\"57c242b\" data-element_type=\"widget\" data-widget_type=\"button.default\">\n\t\t\t\t\t\t\t\t\t\t<a class=\"elementor-button elementor-button-link elementor-size-sm\" href=\"https:\/\/alivira.be.popopower.com\/fr\/produits\/\">\n\t\t\t\t\t\t<span class=\"elementor-button-content-wrapper\">\n\t\t\t\t\t\t\t\t\t<span class=\"elementor-button-text\">Inscrivez-vous ici<\/span>\n\t\t\t\t\t<\/span>\n\t\t\t\t\t<\/a>\n\t\t\t\t\t\t\t\t<\/div>\n\t\t\t\t<\/div>\n\t\t\t\t\t<\/div>\n\t\t\t\t<\/div>\n\t\t\t\t<\/div>\n\t\t","protected":false},"excerpt":{"rendered":"<p>NAC Target Species Seleccionar opci\u00f3n Duif Exotics Hond Honingbij Kat Paard Pluimvee Rund Schaap Varken Vogel Tipos de medicamento Seleccionar opci\u00f3n Analgesie Anti emetica Anti inflammatoir Antibiotica Antiparasitica Hartmedicatie Oog producten Oor producten Overig Sedatie Voedingssupplement No Products found Cargar m\u00e1s Loading&#8230; Pas r\u00e9gistr\u00e9? Inscrivez-vous ici<\/p>\n","protected":false},"author":1,"featured_media":0,"parent":0,"menu_order":0,"comment_status":"closed","ping_status":"closed","template":"","meta":{"_acf_changed":false,"footnotes":""},"class_list":["post-1581","page","type-page","status-publish","hentry"],"acf":[],"yoast_head":"<!-- This site is optimized with the Yoast SEO plugin v25.6 - https:\/\/yoast.com\/wordpress\/plugins\/seo\/ -->\n<title>Exotics - Alivira Belgium<\/title>\n<meta name=\"robots\" content=\"index, follow, max-snippet:-1, max-image-preview:large, max-video-preview:-1\" \/>\n<link rel=\"canonical\" href=\"https:\/\/alivira.be.popopower.com\/exotics\/\" \/>\n<meta property=\"og:locale\" content=\"fr_FR\" \/>\n<meta property=\"og:type\" content=\"article\" \/>\n<meta property=\"og:title\" content=\"Exotics - Alivira Belgium\" \/>\n<meta property=\"og:description\" content=\"NAC Target Species Seleccionar opci\u00f3n Duif Exotics Hond Honingbij Kat Paard Pluimvee Rund Schaap Varken Vogel Tipos de medicamento Seleccionar opci\u00f3n Analgesie Anti emetica Anti inflammatoir Antibiotica Antiparasitica Hartmedicatie Oog producten Oor producten Overig Sedatie Voedingssupplement No Products found Cargar m\u00e1s Loading&#8230; Pas r\u00e9gistr\u00e9? Inscrivez-vous ici\" \/>\n<meta property=\"og:url\" content=\"https:\/\/alivira.be.popopower.com\/exotics\/\" \/>\n<meta property=\"og:site_name\" content=\"Alivira Belgium\" \/>\n<meta property=\"article:modified_time\" content=\"2025-07-24T11:33:36+00:00\" \/>\n<meta property=\"og:image\" content=\"https:\/\/alivira.be.popopower.com\/wp-content\/uploads\/2025\/07\/aviol-1000ml.jpeg\" \/>\n<meta name=\"twitter:card\" content=\"summary_large_image\" \/>\n<meta name=\"twitter:label1\" content=\"Dur\u00e9e de lecture estim\u00e9e\" \/>\n\t<meta name=\"twitter:data1\" content=\"2 minutes\" \/>\n<script type=\"application\/ld+json\" class=\"yoast-schema-graph\">{\"@context\":\"https:\/\/schema.org\",\"@graph\":[{\"@type\":\"WebPage\",\"@id\":\"https:\/\/alivira.be.popopower.com\/exotics\/\",\"url\":\"https:\/\/alivira.be.popopower.com\/exotics\/\",\"name\":\"Exotics - Alivira Belgium\",\"isPartOf\":{\"@id\":\"https:\/\/alivira.be.popopower.com\/#website\"},\"primaryImageOfPage\":{\"@id\":\"https:\/\/alivira.be.popopower.com\/exotics\/#primaryimage\"},\"image\":{\"@id\":\"https:\/\/alivira.be.popopower.com\/exotics\/#primaryimage\"},\"thumbnailUrl\":\"https:\/\/alivira.be.popopower.com\/wp-content\/uploads\/2025\/07\/aviol-1000ml.jpeg\",\"datePublished\":\"2025-06-04T07:36:43+00:00\",\"dateModified\":\"2025-07-24T11:33:36+00:00\",\"breadcrumb\":{\"@id\":\"https:\/\/alivira.be.popopower.com\/exotics\/#breadcrumb\"},\"inLanguage\":\"fr-FR\",\"potentialAction\":[{\"@type\":\"ReadAction\",\"target\":[\"https:\/\/alivira.be.popopower.com\/exotics\/\"]}]},{\"@type\":\"ImageObject\",\"inLanguage\":\"fr-FR\",\"@id\":\"https:\/\/alivira.be.popopower.com\/exotics\/#primaryimage\",\"url\":\"https:\/\/alivira.be.popopower.com\/wp-content\/uploads\/2025\/07\/aviol-1000ml.jpeg\",\"contentUrl\":\"https:\/\/alivira.be.popopower.com\/wp-content\/uploads\/2025\/07\/aviol-1000ml.jpeg\"},{\"@type\":\"BreadcrumbList\",\"@id\":\"https:\/\/alivira.be.popopower.com\/exotics\/#breadcrumb\",\"itemListElement\":[{\"@type\":\"ListItem\",\"position\":1,\"name\":\"Home\",\"item\":\"https:\/\/alivira.be.popopower.com\/fr\/\"},{\"@type\":\"ListItem\",\"position\":2,\"name\":\"Exotics\"}]},{\"@type\":\"WebSite\",\"@id\":\"https:\/\/alivira.be.popopower.com\/#website\",\"url\":\"https:\/\/alivira.be.popopower.com\/\",\"name\":\"Alivira Belgium\",\"description\":\"\",\"potentialAction\":[{\"@type\":\"SearchAction\",\"target\":{\"@type\":\"EntryPoint\",\"urlTemplate\":\"https:\/\/alivira.be.popopower.com\/?s={search_term_string}\"},\"query-input\":{\"@type\":\"PropertyValueSpecification\",\"valueRequired\":true,\"valueName\":\"search_term_string\"}}],\"inLanguage\":\"fr-FR\"}]}<\/script>\n<!-- \/ Yoast SEO plugin. -->","yoast_head_json":{"title":"Exotics - Alivira Belgium","robots":{"index":"index","follow":"follow","max-snippet":"max-snippet:-1","max-image-preview":"max-image-preview:large","max-video-preview":"max-video-preview:-1"},"canonical":"https:\/\/alivira.be.popopower.com\/exotics\/","og_locale":"fr_FR","og_type":"article","og_title":"Exotics - Alivira Belgium","og_description":"NAC Target Species Seleccionar opci\u00f3n Duif Exotics Hond Honingbij Kat Paard Pluimvee Rund Schaap Varken Vogel Tipos de medicamento Seleccionar opci\u00f3n Analgesie Anti emetica Anti inflammatoir Antibiotica Antiparasitica Hartmedicatie Oog producten Oor producten Overig Sedatie Voedingssupplement No Products found Cargar m\u00e1s Loading&#8230; Pas r\u00e9gistr\u00e9? Inscrivez-vous ici","og_url":"https:\/\/alivira.be.popopower.com\/exotics\/","og_site_name":"Alivira Belgium","article_modified_time":"2025-07-24T11:33:36+00:00","og_image":[{"url":"https:\/\/alivira.be.popopower.com\/wp-content\/uploads\/2025\/07\/aviol-1000ml.jpeg","type":"","width":"","height":""}],"twitter_card":"summary_large_image","twitter_misc":{"Dur\u00e9e de lecture estim\u00e9e":"2 minutes"},"schema":{"@context":"https:\/\/schema.org","@graph":[{"@type":"WebPage","@id":"https:\/\/alivira.be.popopower.com\/exotics\/","url":"https:\/\/alivira.be.popopower.com\/exotics\/","name":"Exotics - Alivira Belgium","isPartOf":{"@id":"https:\/\/alivira.be.popopower.com\/#website"},"primaryImageOfPage":{"@id":"https:\/\/alivira.be.popopower.com\/exotics\/#primaryimage"},"image":{"@id":"https:\/\/alivira.be.popopower.com\/exotics\/#primaryimage"},"thumbnailUrl":"https:\/\/alivira.be.popopower.com\/wp-content\/uploads\/2025\/07\/aviol-1000ml.jpeg","datePublished":"2025-06-04T07:36:43+00:00","dateModified":"2025-07-24T11:33:36+00:00","breadcrumb":{"@id":"https:\/\/alivira.be.popopower.com\/exotics\/#breadcrumb"},"inLanguage":"fr-FR","potentialAction":[{"@type":"ReadAction","target":["https:\/\/alivira.be.popopower.com\/exotics\/"]}]},{"@type":"ImageObject","inLanguage":"fr-FR","@id":"https:\/\/alivira.be.popopower.com\/exotics\/#primaryimage","url":"https:\/\/alivira.be.popopower.com\/wp-content\/uploads\/2025\/07\/aviol-1000ml.jpeg","contentUrl":"https:\/\/alivira.be.popopower.com\/wp-content\/uploads\/2025\/07\/aviol-1000ml.jpeg"},{"@type":"BreadcrumbList","@id":"https:\/\/alivira.be.popopower.com\/exotics\/#breadcrumb","itemListElement":[{"@type":"ListItem","position":1,"name":"Home","item":"https:\/\/alivira.be.popopower.com\/fr\/"},{"@type":"ListItem","position":2,"name":"Exotics"}]},{"@type":"WebSite","@id":"https:\/\/alivira.be.popopower.com\/#website","url":"https:\/\/alivira.be.popopower.com\/","name":"Alivira Belgium","description":"","potentialAction":[{"@type":"SearchAction","target":{"@type":"EntryPoint","urlTemplate":"https:\/\/alivira.be.popopower.com\/?s={search_term_string}"},"query-input":{"@type":"PropertyValueSpecification","valueRequired":true,"valueName":"search_term_string"}}],"inLanguage":"fr-FR"}]}},"_links":{"self":[{"href":"https:\/\/alivira.be.popopower.com\/fr\/wp-json\/wp\/v2\/pages\/1581","targetHints":{"allow":["GET"]}}],"collection":[{"href":"https:\/\/alivira.be.popopower.com\/fr\/wp-json\/wp\/v2\/pages"}],"about":[{"href":"https:\/\/alivira.be.popopower.com\/fr\/wp-json\/wp\/v2\/types\/page"}],"author":[{"embeddable":true,"href":"https:\/\/alivira.be.popopower.com\/fr\/wp-json\/wp\/v2\/users\/1"}],"replies":[{"embeddable":true,"href":"https:\/\/alivira.be.popopower.com\/fr\/wp-json\/wp\/v2\/comments?post=1581"}],"version-history":[{"count":22,"href":"https:\/\/alivira.be.popopower.com\/fr\/wp-json\/wp\/v2\/pages\/1581\/revisions"}],"predecessor-version":[{"id":2888,"href":"https:\/\/alivira.be.popopower.com\/fr\/wp-json\/wp\/v2\/pages\/1581\/revisions\/2888"}],"wp:attachment":[{"href":"https:\/\/alivira.be.popopower.com\/fr\/wp-json\/wp\/v2\/media?parent=1581"}],"curies":[{"name":"wp","href":"https:\/\/api.w.org\/{rel}","templated":true}]}}