{"id":1780,"date":"2025-06-19T10:03:47","date_gmt":"2025-06-19T04:33:47","guid":{"rendered":"https:\/\/alivira.be.popopower.com\/cookiebeleid\/"},"modified":"2025-06-30T10:51:25","modified_gmt":"2025-06-30T05:21:25","slug":"cookiebeleid","status":"publish","type":"page","link":"https:\/\/alivira.be.popopower.com\/fr\/cookiebeleid\/","title":{"rendered":"Politique de cookies"},"content":{"rendered":"\t\t<div data-elementor-type=\"wp-page\" data-elementor-id=\"1780\" class=\"elementor elementor-1780 elementor-1774\" data-elementor-post-type=\"page\">\n\t\t\t\t<div class=\"elementor-element elementor-element-1ee9488 e-con-full e-flex e-con e-parent\" data-id=\"1ee9488\" data-element_type=\"container\" data-settings=\"{&quot;background_background&quot;:&quot;gradient&quot;}\">\n\t\t<div class=\"elementor-element elementor-element-787c1a3 e-con-full e-flex e-con e-child\" data-id=\"787c1a3\" data-element_type=\"container\">\n\t\t\t\t<div class=\"elementor-element elementor-element-23cb408 gradient-text elementor-widget elementor-widget-heading\" data-id=\"23cb408\" data-element_type=\"widget\" data-widget_type=\"heading.default\">\n\t\t\t\t\t<h1 class=\"elementor-heading-title elementor-size-default\">Politique de cookies<\/h1>\t\t\t\t<\/div>\n\t\t\t\t<\/div>\n\t\t<div class=\"elementor-element elementor-element-9759532 e-con-full elementor-hidden-mobile e-flex e-con e-child\" data-id=\"9759532\" data-element_type=\"container\" data-settings=\"{&quot;background_background&quot;:&quot;classic&quot;}\">\n\t\t\t\t<\/div>\n\t\t\t\t<\/div>\n\t\t<div class=\"elementor-element elementor-element-6024f3d e-flex e-con-boxed e-con e-parent\" data-id=\"6024f3d\" data-element_type=\"container\" data-settings=\"{&quot;background_background&quot;:&quot;classic&quot;}\">\n\t\t\t\t\t<div class=\"e-con-inner\">\n\t\t\t\t<div class=\"elementor-element elementor-element-df4b47e elementor-widget elementor-widget-text-editor\" data-id=\"df4b47e\" data-element_type=\"widget\" data-widget_type=\"text-editor.default\">\n\t\t\t\t\t\t\t\t\t<p><strong>Que sont les cookies?<\/strong><\/p><p>Les cookies sont de petits fichiers contenant des informations qui sont stock\u00e9es dans votre navigateur web lorsque vous visitez et utilisez certaines pages web. Ces fichiers permettent aux sites web de r\u00e9cup\u00e9rer des informations sur votre comportement de navigation et vos pr\u00e9f\u00e9rences, ou sur l\u2019appareil avec lequel vous vous connectez.<\/p><p>Bien que les cookies soient essentiels pour fournir un bon service, ils peuvent \u2013 en fonction du type d\u2019informations qu\u2019ils contiennent \u2013 repr\u00e9senter un risque pour votre vie priv\u00e9e. C\u2019est pourquoi la l\u00e9gislation belge impose que certains types de cookies soient signal\u00e9s et que l\u2019utilisateur donne son consentement avant qu\u2019ils soient plac\u00e9s dans son navigateur. Par le biais de cette politique en mati\u00e8re de cookies, nous souhaitons vous informer de mani\u00e8re claire et suffisante sur les types de cookies que nous utilisons sur ce site web.<\/p><p><strong>Quels types de cookies utilisons-nous?<\/strong><\/p><p>Sur ce site web, nous utilisons des cookies afin de faciliter et d\u2019am\u00e9liorer votre exp\u00e9rience de navigation. Les cookies que nous utilisons peuvent \u00eatre class\u00e9s comme suit :<\/p><p><strong>Selon leur origine:<\/strong><\/p><ol><li><strong>Cookies internes:<\/strong> Cookies dont l\u2019\u00e9diteur est responsable, g\u00e9n\u00e9ralement envoy\u00e9s \u00e0 l\u2019appareil de l\u2019utilisateur depuis un domaine ou appareil g\u00e9r\u00e9 par l\u2019\u00e9diteur lui-m\u00eame, et \u00e0 partir duquel le service demand\u00e9 est fourni.<\/li><li><strong>Cookies tiers:<\/strong> Cookies g\u00e9r\u00e9s par une autre entit\u00e9, g\u00e9n\u00e9ralement envoy\u00e9s \u00e0 l\u2019appareil de l\u2019utilisateur depuis un domaine qui n\u2019est pas g\u00e9r\u00e9 par l\u2019\u00e9diteur, mais par une autre organisation qui traite les donn\u00e9es obtenues via ces cookies.<\/li><\/ol><p><strong>Selon leur dur\u00e9e:<\/strong><\/p><ol><li><strong>Cookies de session:<\/strong> Con\u00e7us pour collecter et stocker des donn\u00e9es pendant que l\u2019utilisateur navigue sur notre site. Ils servent en g\u00e9n\u00e9ral \u00e0 stocker des informations qui ne doivent \u00eatre conserv\u00e9es que pendant la dur\u00e9e de la session.<\/li><li><strong>Cookies persistants:<\/strong> Les donn\u00e9es restent stock\u00e9es sur l\u2019appareil de l\u2019utilisateur et peuvent \u00eatre consult\u00e9es et trait\u00e9es pendant une p\u00e9riode d\u00e9termin\u00e9e par le responsable, allant de quelques minutes \u00e0 plusieurs ann\u00e9es.<\/li><\/ol><p><strong>Selon leur finalit\u00e9:<\/strong><\/p><ol><li><strong>Cookies techniques:<\/strong> Essentiels au bon fonctionnement du site web. Ils permettent \u00e0 l\u2019utilisateur de naviguer et d\u2019utiliser diff\u00e9rentes options ou services, comme la gestion du trafic, l\u2019identification de la session, l\u2019acc\u00e8s \u00e0 des zones s\u00e9curis\u00e9es, l&rsquo;utilisation d\u2019\u00e9l\u00e9ments de s\u00e9curit\u00e9 lors de la navigation ou le partage de contenu sur les r\u00e9seaux sociaux.<\/li><li><strong>Cookies analytiques:<\/strong> Destin\u00e9s \u00e0 analyser le comportement des utilisateurs et l\u2019utilisation du site web. Ils nous permettent de comptabiliser le nombre de visiteurs et de conna\u00eetre les parties du site les plus consult\u00e9es.<\/li><li><strong>Cookies de personnalisation:<\/strong> Permettent \u00e0 l\u2019utilisateur d\u2019acc\u00e9der au service avec des caract\u00e9ristiques g\u00e9n\u00e9rales pr\u00e9d\u00e9finies, selon des crit\u00e8res li\u00e9s \u00e0 son appareil, tels que la langue, le type de navigateur, les param\u00e8tres r\u00e9gionaux, etc.<\/li><\/ol><p>Le site utilise Google Analytics, un service d\u2019analyse web fourni par Google Inc., situ\u00e9 au 1600 Amphitheatre Parkway, Mountain View (Californie), CA 94043, \u00c9tats-Unis.<\/p><p>Google Analytics utilise des cookies pour aider \u00e0 analyser l\u2019utilisation du site web. Les informations g\u00e9n\u00e9r\u00e9es par les cookies concernant votre utilisation du site sont transmises et stock\u00e9es directement par Google sur des serveurs situ\u00e9s aux \u00c9tats-Unis. Google utilise ces informations pour suivre votre utilisation du site, compiler des rapports sur l\u2019activit\u00e9 du site web, et fournir d\u2019autres services li\u00e9s \u00e0 l\u2019utilisation du site et d\u2019Internet.<br \/>Vous trouverez plus d\u2019informations sur l\u2019utilisation des cookies par Google Analytics \u00e0 l\u2019adresse suivante :<br \/><a href=\"https:\/\/developers.google.com\/analytics\/legacy\/universal-analytics?hl=es\">https:\/\/developers.google.com\/analytics\/devguides\/collection\/analyticsjs\/cookie-usage?hl=es<\/a><\/p><p><strong>Comment g\u00e9rer ou refuser les cookies?<\/strong><\/p><p>Il est important de savoir que vous pouvez d\u00e9finir vos pr\u00e9f\u00e9rences concernant les cookies de notre site web et ceux de tiers \u00e0 tout moment via l\u2019une des options suivantes:<\/p><ul><li>Acc\u00e9dez aux <strong>param\u00e8tres des cookies<\/strong> via un lien situ\u00e9 en bas de notre page.<\/li><li>Vous pouvez \u00e9galement modifier les <strong>param\u00e8tres de votre navigateur<\/strong> pour d\u00e9finir quels cookies peuvent ou non \u00eatre plac\u00e9s sur votre appareil.<\/li><\/ul><p>Cette option est g\u00e9n\u00e9ralement accessible via le menu \u00ab options \u00bb ou \u00ab pr\u00e9f\u00e9rences \u00bb de votre navigateur.<br \/>Si vous utilisez l\u2019un des navigateurs suivants, cliquez sur le lien correspondant pour savoir comment ajuster vos param\u00e8tres :<\/p><ul><li>Pr\u00e9f\u00e9rences de cookies dans<strong> Internet Explorer<\/strong><\/li><li>Pr\u00e9f\u00e9rences dans<strong> Microsoft Edge<\/strong><\/li><li>Pr\u00e9f\u00e9rences de cookies dans <strong>Chrome<\/strong><\/li><li>Pr\u00e9f\u00e9rences de cookies dans <strong>Firefox<\/strong><\/li><li>Pr\u00e9f\u00e9rences de cookies dans <strong>Safari<\/strong><\/li><\/ul><p>Veuillez noter que si vous limitez ou d\u00e9sactivez les cookies, certaines fonctionnalit\u00e9s du site web peuvent ne plus fonctionner correctement.<\/p><p><strong>Modifications de la politique en mati\u00e8re de cookies<\/strong><br \/>Cette politique est mise \u00e0 votre disposition afin que vous puissiez la consulter, la sauvegarder ou l\u2019imprimer \u00e0 tout moment. Elle peut \u00eatre modifi\u00e9e suite \u00e0 des mises \u00e0 jour du site web, des changements dans l\u2019utilisation des cookies, de nouvelles l\u00e9gislations ou d\u00e9cisions judiciaires, ou des directives de l\u2019Autorit\u00e9 de protection des donn\u00e9es (APD).<br \/>Nous nous r\u00e9servons donc le droit de modifier cette politique \u00e0 tout moment.<br \/>Si vous souhaitez nous contacter au sujet de notre politique en mati\u00e8re de cookies, vous pouvez nous \u00e9crire \u00e0 : mail@alivira.be<br \/><strong>Derni\u00e8re mise \u00e0 jour:<\/strong> f\u00e9vrier 2024<\/p>\t\t\t\t\t\t\t\t<\/div>\n\t\t\t\t\t<\/div>\n\t\t\t\t<\/div>\n\t\t\t\t<\/div>\n\t\t","protected":false},"excerpt":{"rendered":"<p>Politique de cookies Que sont les cookies? Les cookies sont de petits fichiers contenant des informations qui sont stock\u00e9es dans votre navigateur web lorsque vous visitez et utilisez certaines pages web. Ces fichiers permettent aux sites web de r\u00e9cup\u00e9rer des informations sur votre comportement de navigation et vos pr\u00e9f\u00e9rences, ou sur l\u2019appareil avec lequel vous [&hellip;]<\/p>\n","protected":false},"author":1,"featured_media":0,"parent":0,"menu_order":0,"comment_status":"closed","ping_status":"closed","template":"","meta":{"_acf_changed":false,"footnotes":""},"class_list":["post-1780","page","type-page","status-publish","hentry"],"acf":[],"yoast_head":"<!-- This site is optimized with the Yoast SEO plugin v25.6 - https:\/\/yoast.com\/wordpress\/plugins\/seo\/ -->\n<title>Politique de cookies - Alivira Belgium<\/title>\n<meta name=\"robots\" content=\"index, follow, max-snippet:-1, max-image-preview:large, max-video-preview:-1\" \/>\n<link rel=\"canonical\" href=\"https:\/\/alivira.be.popopower.com\/cookiebeleid\/\" \/>\n<meta property=\"og:locale\" content=\"fr_FR\" \/>\n<meta property=\"og:type\" content=\"article\" \/>\n<meta property=\"og:title\" content=\"Politique de cookies - Alivira Belgium\" \/>\n<meta property=\"og:description\" content=\"Politique de cookies Que sont les cookies? Les cookies sont de petits fichiers contenant des informations qui sont stock\u00e9es dans votre navigateur web lorsque vous visitez et utilisez certaines pages web. Ces fichiers permettent aux sites web de r\u00e9cup\u00e9rer des informations sur votre comportement de navigation et vos pr\u00e9f\u00e9rences, ou sur l\u2019appareil avec lequel vous [&hellip;]\" \/>\n<meta property=\"og:url\" content=\"https:\/\/alivira.be.popopower.com\/cookiebeleid\/\" \/>\n<meta property=\"og:site_name\" content=\"Alivira Belgium\" \/>\n<meta property=\"article:modified_time\" content=\"2025-06-30T05:21:25+00:00\" \/>\n<meta name=\"twitter:card\" content=\"summary_large_image\" \/>\n<meta name=\"twitter:label1\" content=\"Dur\u00e9e de lecture estim\u00e9e\" \/>\n\t<meta name=\"twitter:data1\" content=\"5 minutes\" \/>\n<script type=\"application\/ld+json\" class=\"yoast-schema-graph\">{\"@context\":\"https:\/\/schema.org\",\"@graph\":[{\"@type\":\"WebPage\",\"@id\":\"https:\/\/alivira.be.popopower.com\/cookiebeleid\/\",\"url\":\"https:\/\/alivira.be.popopower.com\/cookiebeleid\/\",\"name\":\"Politique de cookies - Alivira Belgium\",\"isPartOf\":{\"@id\":\"https:\/\/alivira.be.popopower.com\/#website\"},\"datePublished\":\"2025-06-19T04:33:47+00:00\",\"dateModified\":\"2025-06-30T05:21:25+00:00\",\"breadcrumb\":{\"@id\":\"https:\/\/alivira.be.popopower.com\/cookiebeleid\/#breadcrumb\"},\"inLanguage\":\"fr-FR\",\"potentialAction\":[{\"@type\":\"ReadAction\",\"target\":[\"https:\/\/alivira.be.popopower.com\/cookiebeleid\/\"]}]},{\"@type\":\"BreadcrumbList\",\"@id\":\"https:\/\/alivira.be.popopower.com\/cookiebeleid\/#breadcrumb\",\"itemListElement\":[{\"@type\":\"ListItem\",\"position\":1,\"name\":\"Home\",\"item\":\"https:\/\/alivira.be.popopower.com\/fr\/\"},{\"@type\":\"ListItem\",\"position\":2,\"name\":\"Politique de cookies\"}]},{\"@type\":\"WebSite\",\"@id\":\"https:\/\/alivira.be.popopower.com\/#website\",\"url\":\"https:\/\/alivira.be.popopower.com\/\",\"name\":\"Alivira Belgium\",\"description\":\"\",\"potentialAction\":[{\"@type\":\"SearchAction\",\"target\":{\"@type\":\"EntryPoint\",\"urlTemplate\":\"https:\/\/alivira.be.popopower.com\/?s={search_term_string}\"},\"query-input\":{\"@type\":\"PropertyValueSpecification\",\"valueRequired\":true,\"valueName\":\"search_term_string\"}}],\"inLanguage\":\"fr-FR\"}]}<\/script>\n<!-- \/ Yoast SEO plugin. -->","yoast_head_json":{"title":"Politique de cookies - Alivira Belgium","robots":{"index":"index","follow":"follow","max-snippet":"max-snippet:-1","max-image-preview":"max-image-preview:large","max-video-preview":"max-video-preview:-1"},"canonical":"https:\/\/alivira.be.popopower.com\/cookiebeleid\/","og_locale":"fr_FR","og_type":"article","og_title":"Politique de cookies - Alivira Belgium","og_description":"Politique de cookies Que sont les cookies? Les cookies sont de petits fichiers contenant des informations qui sont stock\u00e9es dans votre navigateur web lorsque vous visitez et utilisez certaines pages web. Ces fichiers permettent aux sites web de r\u00e9cup\u00e9rer des informations sur votre comportement de navigation et vos pr\u00e9f\u00e9rences, ou sur l\u2019appareil avec lequel vous [&hellip;]","og_url":"https:\/\/alivira.be.popopower.com\/cookiebeleid\/","og_site_name":"Alivira Belgium","article_modified_time":"2025-06-30T05:21:25+00:00","twitter_card":"summary_large_image","twitter_misc":{"Dur\u00e9e de lecture estim\u00e9e":"5 minutes"},"schema":{"@context":"https:\/\/schema.org","@graph":[{"@type":"WebPage","@id":"https:\/\/alivira.be.popopower.com\/cookiebeleid\/","url":"https:\/\/alivira.be.popopower.com\/cookiebeleid\/","name":"Politique de cookies - Alivira Belgium","isPartOf":{"@id":"https:\/\/alivira.be.popopower.com\/#website"},"datePublished":"2025-06-19T04:33:47+00:00","dateModified":"2025-06-30T05:21:25+00:00","breadcrumb":{"@id":"https:\/\/alivira.be.popopower.com\/cookiebeleid\/#breadcrumb"},"inLanguage":"fr-FR","potentialAction":[{"@type":"ReadAction","target":["https:\/\/alivira.be.popopower.com\/cookiebeleid\/"]}]},{"@type":"BreadcrumbList","@id":"https:\/\/alivira.be.popopower.com\/cookiebeleid\/#breadcrumb","itemListElement":[{"@type":"ListItem","position":1,"name":"Home","item":"https:\/\/alivira.be.popopower.com\/fr\/"},{"@type":"ListItem","position":2,"name":"Politique de cookies"}]},{"@type":"WebSite","@id":"https:\/\/alivira.be.popopower.com\/#website","url":"https:\/\/alivira.be.popopower.com\/","name":"Alivira Belgium","description":"","potentialAction":[{"@type":"SearchAction","target":{"@type":"EntryPoint","urlTemplate":"https:\/\/alivira.be.popopower.com\/?s={search_term_string}"},"query-input":{"@type":"PropertyValueSpecification","valueRequired":true,"valueName":"search_term_string"}}],"inLanguage":"fr-FR"}]}},"_links":{"self":[{"href":"https:\/\/alivira.be.popopower.com\/fr\/wp-json\/wp\/v2\/pages\/1780","targetHints":{"allow":["GET"]}}],"collection":[{"href":"https:\/\/alivira.be.popopower.com\/fr\/wp-json\/wp\/v2\/pages"}],"about":[{"href":"https:\/\/alivira.be.popopower.com\/fr\/wp-json\/wp\/v2\/types\/page"}],"author":[{"embeddable":true,"href":"https:\/\/alivira.be.popopower.com\/fr\/wp-json\/wp\/v2\/users\/1"}],"replies":[{"embeddable":true,"href":"https:\/\/alivira.be.popopower.com\/fr\/wp-json\/wp\/v2\/comments?post=1780"}],"version-history":[{"count":13,"href":"https:\/\/alivira.be.popopower.com\/fr\/wp-json\/wp\/v2\/pages\/1780\/revisions"}],"predecessor-version":[{"id":2022,"href":"https:\/\/alivira.be.popopower.com\/fr\/wp-json\/wp\/v2\/pages\/1780\/revisions\/2022"}],"wp:attachment":[{"href":"https:\/\/alivira.be.popopower.com\/fr\/wp-json\/wp\/v2\/media?parent=1780"}],"curies":[{"name":"wp","href":"https:\/\/api.w.org\/{rel}","templated":true}]}}